{"id":5775,"date":"2021-02-01T05:39:48","date_gmt":"2021-02-01T05:39:48","guid":{"rendered":"https:\/\/www.t2transfer.co.uk\/?page_id=5775"},"modified":"2021-11-30T05:21:12","modified_gmt":"2021-11-30T05:21:12","slug":"taxi-pour-animaux","status":"publish","type":"page","link":"https:\/\/www.t2transfer.com\/fr\/taxi-pour-animaux\/","title":{"rendered":"Taxi Pour Animaux"},"content":{"rendered":"<h1>Taxi pour animaux domestiques de Paris \u00e0 Londres\/Londres \u00e0 Paris<\/h1>\n<p>Vous cherchez un taxi pour animaux de Paris \u00e0 Londres ? ou de Londres \u00e0 Paris ?<\/p>\n<p>Voyager avec son animal de compagnie est toujours stressant. Peu importe la qualit\u00e9 de la compagnie a\u00e9rienne, il y a toujours des risques \u00e0 mettre votre animal dans les soutes.<\/p>\n<p>Nous, T2 Transfer, fournissons des taxis pour animaux de Paris de l&#8217;a\u00e9roport Charles de Gaulle, de l&#8217;a\u00e9roport d&#8217;Orly \u00e0 Londres (ou tout autre endroit au Royaume-Uni) et de Londres \u00e0 Paris (ou tout autre endroit en France) par Eurotunnel.<\/p>\n<p>Vous pouvez ainsi rester avec votre compagnon pendant tout le voyage ou vous pouvez voyager en sachant que votre animal est en s\u00e9curit\u00e9.<\/p>\n<p>Alors&#8230;\u00eates-vous \u00e0 la recherche d&#8217;un transport d&#8217;animaux de Paris \u00e0 Londres ? ou d&#8217;un voyage avec vos animaux de Londres \u00e0 Paris ? Dans l\u2019affirmative, soyez attentifs aux informations ci-dessous pour en savoir plus sur le transport d&#8217;animaux de Paris \u00e0 Londres.<\/p>\n<h2>Notre service de taxi pour animaux de la France au Royaume-Uni\/du Royaume-Uni \u00e0 la France<\/h2>\n<p>Non seulement nous transportons votre animal de compagnie du Royaume-Uni vers la France, et de la France vers le Royaume-Uni, mais nous transportons \u00e9galement votre animal dans diff\u00e9rents endroits au Royaume-Uni ou en France.<\/p>\n<p>Les principaux animaux que nous transportons sont les chats et les chiens, mais si vous poss\u00e9dez tout autre animal, veuillez nous contacter, et nous pourrons alorsvous renseigner sur les r\u00e8glementations sanitaires pour les autres animaux. Les animaux de toutes tailles sont autoris\u00e9s \u00e0 voyager, contrairement aux voyages en cabine.<\/p>\n<p>Cela inclut les races de chiens et de chats \u00e0 nez court (races brachyc\u00e9phales), que malheureusement de nombreuses compagnies a\u00e9riennes refusent d\u00e9sormais en raison de leur difficult\u00e9 \u00e0 respirer.<\/p>\n<p>Les compagnies a\u00e9riennes comme Air France, Air Italia, Lufthansa et Iberia Airlines n&#8217;autorisent plus le transport de ces races. Nous pouvons les transporter avec ou sans leur propri\u00e9taire, c&#8217;est vous qui d\u00e9cidez. Par ailleurs, nous avons un service de porte \u00e0 porte !<\/p>\n<h2>Taxi pour animaux de Paris \u00e0 Londres<\/h2>\n<p>T2 Transfer vous emm\u00e8ne directement de votre destination en France \u00e0 votre destination au Royaume-Uni. Votre prix d\u00e9pendra de votre lieu de r\u00e9sidence. En g\u00e9n\u00e9ral, un voyage de Paris \u00e0 Londres prend environ 6 \u00e0 7 heures selon le niveau de trafic.<\/p>\n<p>Cela inclut les arr\u00eats aux servicesd&#8217;immigration britannique pour vous et votre animal de compagnie et autant d&#8217;arr\u00eats toilettes que n\u00e9cessaire pour votre animal.<\/p>\n<p><strong>Avant d&#8217;entrer au Royaume-Uni, assurez-vous que votre animal est:<\/strong><\/p>\n<ul>\n<li>Micropuc\u00e9\u00a0;<\/li>\n<li>Vaccin\u00e9 contre la rage &#8211; vous devez prouver que votre animal est \u00e2g\u00e9 d&#8217;au moins 12 semaines avant de le faire vacciner.<\/li>\n<li>Trait\u00e9 contre le t\u00e9nia (chiens uniquement), vaccin qui doit \u00eatre administr\u00e9 au moins 24 heures, et au plus 120 heures avant votre voyage.<\/li>\n<\/ul>\n<p><strong>En outre, votre animal aura besoin de l&#8217;un des documents suivants pour entrer au Royaume-Uni :<\/strong><\/p>\n<ul>\n<li>Un passeport europ\u00e9en pour animaux de compagnie d\u00e9livr\u00e9 dans l&#8217;UE (ou en Grande-Bretagne s&#8217;il a \u00e9t\u00e9 d\u00e9livr\u00e9 avant le 1er janvier 2021), ou un passeport pour animaux de compagnie d&#8217;un autre pays tiers figurant sur la liste de la partie 1.<\/li>\n<li>Le certificat sanitaire pour animaux (AHC) d\u00e9livr\u00e9 en Grande-Bretagne et utilis\u00e9 pour se rendre dans l&#8217;UE &#8211; que vous utiliserez pour entrer \u00e0 nouveau en Grande-Bretagne pendant une p\u00e9riode maximale de 4 mois apr\u00e8s sa d\u00e9livrance.<\/li>\n<li>Un certificat sanitaire pour animaux de compagnie d\u00e9livr\u00e9 en Grande-Bretagne (pour les voyages en Grande-Bretagne uniquement).<\/li>\n<\/ul>\n<p>Ces documents sont indispensables pour voyager de Paris \u00e0 Londres avec un chien.<\/p>\n<h2>Taxi pour animaux de compagnie de Londres \u00e0 Paris<\/h2>\n<p>Comme nous l&#8217;avons mentionn\u00e9 pr\u00e9c\u00e9demment, nous offrons un service de porte \u00e0 porte, c&#8217;est-\u00e0-dire que nous vous emmenons directement de votre destination au Royaume-Uni \u00e0 votre destination en France.<\/p>\n<p>La dur\u00e9e du voyage peut varier en fonction de votre destination, mais la plus courante est celle de Londres \u00e0 Paris, qui est de 6 \u00e0 7 heures, selon le niveau de trafic.<\/p>\n<p>Ce temps comprend l&#8217;arr\u00eat aupr\u00e8s du \u00ab\u00a0Point de contr\u00f4le animaux\u00a0\u00bb (TPE) fran\u00e7ais o\u00f9 l&#8217;on v\u00e9rifie vos documents de voyage et autant d&#8217;arr\u00eats aux toilettes que n\u00e9cessaire.<\/p>\n<p>D\u2019autre part, n\u2019oubliez pas que les services d\u2019enregistrement des fronti\u00e8res fran\u00e7aises ne v\u00e9rifient pas les documents de voyage de votre animal de compagnie pour entrer en France en utilisant l&#8217;Eurotunnel.<\/p>\n<p><strong>En sus, avant d&#8217;entrer en France, veuillez-vous assurer que votre animal de compagnie est :<\/strong><\/p>\n<ul>\n<li>micropuc\u00e9.<\/li>\n<li>Vaccin\u00e9 contre la rage &#8211; vous devez prouver que votre animal est \u00e2g\u00e9 d&#8217;au moins 12 semaines avant de le faire vacciner.<\/li>\n<li>Trait\u00e9 contre le t\u00e9nia (chiens seulement).<\/li>\n<\/ul>\n<h3>Informations sur le transport des animaux<\/h3>\n<p>Veuillez garder vos animaux de compagnie dans une caisse de transport pendant tout le voyage, sauf s&#8217;ils doivent \u00eatre sortis pour aller aux toilettes. Si votre chien\/animal repr\u00e9sente une menace pour le conducteur, il devra porter une museli\u00e8re.<\/p>\n<h2>Prix<\/h2>\n<p>Le prix d&#8217;un taxi pour animaux de Paris (France) \u00e0 Londres (Royaume-Uni) ou de Londres \u00e0 Paris est de 900 euros (en fonction du code postal de l&#8217;adresse de livraison\/r\u00e9cup\u00e9ration), sans le billet d&#8217;Eurotunnel ni les frais suppl\u00e9mentaires pour les animaux.<\/p>\n<p>Nous r\u00e9servons le billet Eurotunnel en votre nom et nous vous communiquons les prix des billets Eurotunnel le jour de la r\u00e9servation qui varient d&#8217;un jour \u00e0 l&#8217;autre.<\/p>\n<h3>Obtenir un devis<\/h3>\n<p>Pour obtenir un devis, veuillez remplir le formulaire ci-dessous.<\/p>\n","protected":false},"excerpt":{"rendered":"<p>Taxi pour animaux domestiques de Paris \u00e0 Londres\/Londres \u00e0 Paris Vous cherchez un taxi pour animaux de Paris \u00e0 Londres ? ou de Londres \u00e0 Paris ? Voyager avec son animal de compagnie est toujours stressant. Peu importe la qualit\u00e9 de la compagnie a\u00e9rienne, il y a toujours des risques \u00e0 mettre votre animal dans [&hellip;]<\/p>\n","protected":false},"author":9,"featured_media":5846,"parent":0,"menu_order":0,"comment_status":"closed","ping_status":"closed","template":"page-pet.php","meta":{"footnotes":""},"yoast_head":"<!-- This site is optimized with the Yoast SEO plugin v22.9 - https:\/\/yoast.com\/wordpress\/plugins\/seo\/ -->\n<title>Taxi Pour Animaux de Paris \u00e0 Londres | Taxi Pour Animaux de Londres \u00e0 Paris | T2 Transfer<\/title>\n<meta name=\"robots\" content=\"index, follow, max-snippet:-1, max-image-preview:large, max-video-preview:-1\" \/>\n<link rel=\"canonical\" href=\"https:\/\/www.t2transfer.com\/fr\/taxi-pour-animaux\/\" \/>\n<meta property=\"og:locale\" content=\"fr_FR\" \/>\n<meta property=\"og:type\" content=\"article\" \/>\n<meta property=\"og:title\" content=\"Taxi Pour Animaux de Paris \u00e0 Londres | Taxi Pour Animaux de Londres \u00e0 Paris | T2 Transfer\" \/>\n<meta property=\"og:description\" content=\"Taxi pour animaux domestiques de Paris \u00e0 Londres\/Londres \u00e0 Paris Vous cherchez un taxi pour animaux de Paris \u00e0 Londres ? ou de Londres \u00e0 Paris ? Voyager avec son animal de compagnie est toujours stressant. Peu importe la qualit\u00e9 de la compagnie a\u00e9rienne, il y a toujours des risques \u00e0 mettre votre animal dans [&hellip;]\" \/>\n<meta property=\"og:url\" content=\"https:\/\/www.t2transfer.com\/fr\/taxi-pour-animaux\/\" \/>\n<meta property=\"og:site_name\" content=\"T2 Transfer\" \/>\n<meta property=\"article:publisher\" content=\"https:\/\/www.facebook.com\/T2Transfer\/\" \/>\n<meta property=\"article:modified_time\" content=\"2021-11-30T05:21:12+00:00\" \/>\n<meta property=\"og:image\" content=\"https:\/\/www.t2transfer.com\/fr\/wp-content\/uploads\/2021\/08\/Taxi-Pour-Animaux-de-Paris-a-Londres.jpg\" \/>\n\t<meta property=\"og:image:width\" content=\"1259\" \/>\n\t<meta property=\"og:image:height\" content=\"295\" \/>\n\t<meta property=\"og:image:type\" content=\"image\/jpeg\" \/>\n<meta name=\"twitter:card\" content=\"summary_large_image\" \/>\n<meta name=\"twitter:site\" content=\"@t2transfer\" \/>\n<meta name=\"twitter:label1\" content=\"Dur\u00e9e de lecture estim\u00e9e\" \/>\n\t<meta name=\"twitter:data1\" content=\"4 minutes\" \/>\n<script type=\"application\/ld+json\" class=\"yoast-schema-graph\">{\"@context\":\"https:\/\/schema.org\",\"@graph\":[{\"@type\":\"WebPage\",\"@id\":\"https:\/\/www.t2transfer.com\/fr\/taxi-pour-animaux\/\",\"url\":\"https:\/\/www.t2transfer.com\/fr\/taxi-pour-animaux\/\",\"name\":\"Taxi Pour Animaux de Paris \u00e0 Londres | Taxi Pour Animaux de Londres \u00e0 Paris | T2 Transfer\",\"isPartOf\":{\"@id\":\"https:\/\/www.t2transfer.com\/fr\/#website\"},\"primaryImageOfPage\":{\"@id\":\"https:\/\/www.t2transfer.com\/fr\/taxi-pour-animaux\/#primaryimage\"},\"image\":{\"@id\":\"https:\/\/www.t2transfer.com\/fr\/taxi-pour-animaux\/#primaryimage\"},\"thumbnailUrl\":\"https:\/\/www.t2transfer.com\/fr\/wp-content\/uploads\/2021\/08\/Taxi-Pour-Animaux-de-Paris-a-Londres.jpg\",\"datePublished\":\"2021-02-01T05:39:48+00:00\",\"dateModified\":\"2021-11-30T05:21:12+00:00\",\"breadcrumb\":{\"@id\":\"https:\/\/www.t2transfer.com\/fr\/taxi-pour-animaux\/#breadcrumb\"},\"inLanguage\":\"fr-FR\",\"potentialAction\":[{\"@type\":\"ReadAction\",\"target\":[\"https:\/\/www.t2transfer.com\/fr\/taxi-pour-animaux\/\"]}]},{\"@type\":\"ImageObject\",\"inLanguage\":\"fr-FR\",\"@id\":\"https:\/\/www.t2transfer.com\/fr\/taxi-pour-animaux\/#primaryimage\",\"url\":\"https:\/\/www.t2transfer.com\/fr\/wp-content\/uploads\/2021\/08\/Taxi-Pour-Animaux-de-Paris-a-Londres.jpg\",\"contentUrl\":\"https:\/\/www.t2transfer.com\/fr\/wp-content\/uploads\/2021\/08\/Taxi-Pour-Animaux-de-Paris-a-Londres.jpg\",\"width\":1259,\"height\":295,\"caption\":\"Taxi Pour Animaux de Paris \u00e0 Londres\"},{\"@type\":\"BreadcrumbList\",\"@id\":\"https:\/\/www.t2transfer.com\/fr\/taxi-pour-animaux\/#breadcrumb\",\"itemListElement\":[{\"@type\":\"ListItem\",\"position\":1,\"name\":\"Home\",\"item\":\"https:\/\/www.t2transfer.com\/fr\/\"},{\"@type\":\"ListItem\",\"position\":2,\"name\":\"Taxi Pour Animaux\"}]},{\"@type\":\"WebSite\",\"@id\":\"https:\/\/www.t2transfer.com\/fr\/#website\",\"url\":\"https:\/\/www.t2transfer.com\/fr\/\",\"name\":\"T2 Transfer\",\"description\":\"\",\"publisher\":{\"@id\":\"https:\/\/www.t2transfer.com\/fr\/#organization\"},\"potentialAction\":[{\"@type\":\"SearchAction\",\"target\":{\"@type\":\"EntryPoint\",\"urlTemplate\":\"https:\/\/www.t2transfer.com\/fr\/?s={search_term_string}\"},\"query-input\":\"required name=search_term_string\"}],\"inLanguage\":\"fr-FR\"},{\"@type\":\"Organization\",\"@id\":\"https:\/\/www.t2transfer.com\/fr\/#organization\",\"name\":\"T2 Transfer\",\"url\":\"https:\/\/www.t2transfer.com\/fr\/\",\"logo\":{\"@type\":\"ImageObject\",\"inLanguage\":\"fr-FR\",\"@id\":\"https:\/\/www.t2transfer.com\/fr\/#\/schema\/logo\/image\/\",\"url\":\"https:\/\/www.t2transfer.co.uk\/wp-content\/uploads\/2020\/04\/logo.png\",\"contentUrl\":\"https:\/\/www.t2transfer.co.uk\/wp-content\/uploads\/2020\/04\/logo.png\",\"width\":184,\"height\":50,\"caption\":\"T2 Transfer\"},\"image\":{\"@id\":\"https:\/\/www.t2transfer.com\/fr\/#\/schema\/logo\/image\/\"},\"sameAs\":[\"https:\/\/www.facebook.com\/T2Transfer\/\",\"https:\/\/x.com\/t2transfer\"]}]}<\/script>\n<!-- \/ Yoast SEO plugin. -->","yoast_head_json":{"title":"Taxi Pour Animaux de Paris \u00e0 Londres | Taxi Pour Animaux de Londres \u00e0 Paris | T2 Transfer","robots":{"index":"index","follow":"follow","max-snippet":"max-snippet:-1","max-image-preview":"max-image-preview:large","max-video-preview":"max-video-preview:-1"},"canonical":"https:\/\/www.t2transfer.com\/fr\/taxi-pour-animaux\/","og_locale":"fr_FR","og_type":"article","og_title":"Taxi Pour Animaux de Paris \u00e0 Londres | Taxi Pour Animaux de Londres \u00e0 Paris | T2 Transfer","og_description":"Taxi pour animaux domestiques de Paris \u00e0 Londres\/Londres \u00e0 Paris Vous cherchez un taxi pour animaux de Paris \u00e0 Londres ? ou de Londres \u00e0 Paris ? Voyager avec son animal de compagnie est toujours stressant. Peu importe la qualit\u00e9 de la compagnie a\u00e9rienne, il y a toujours des risques \u00e0 mettre votre animal dans [&hellip;]","og_url":"https:\/\/www.t2transfer.com\/fr\/taxi-pour-animaux\/","og_site_name":"T2 Transfer","article_publisher":"https:\/\/www.facebook.com\/T2Transfer\/","article_modified_time":"2021-11-30T05:21:12+00:00","og_image":[{"width":1259,"height":295,"url":"https:\/\/www.t2transfer.com\/fr\/wp-content\/uploads\/2021\/08\/Taxi-Pour-Animaux-de-Paris-a-Londres.jpg","type":"image\/jpeg"}],"twitter_card":"summary_large_image","twitter_site":"@t2transfer","twitter_misc":{"Dur\u00e9e de lecture estim\u00e9e":"4 minutes"},"schema":{"@context":"https:\/\/schema.org","@graph":[{"@type":"WebPage","@id":"https:\/\/www.t2transfer.com\/fr\/taxi-pour-animaux\/","url":"https:\/\/www.t2transfer.com\/fr\/taxi-pour-animaux\/","name":"Taxi Pour Animaux de Paris \u00e0 Londres | Taxi Pour Animaux de Londres \u00e0 Paris | T2 Transfer","isPartOf":{"@id":"https:\/\/www.t2transfer.com\/fr\/#website"},"primaryImageOfPage":{"@id":"https:\/\/www.t2transfer.com\/fr\/taxi-pour-animaux\/#primaryimage"},"image":{"@id":"https:\/\/www.t2transfer.com\/fr\/taxi-pour-animaux\/#primaryimage"},"thumbnailUrl":"https:\/\/www.t2transfer.com\/fr\/wp-content\/uploads\/2021\/08\/Taxi-Pour-Animaux-de-Paris-a-Londres.jpg","datePublished":"2021-02-01T05:39:48+00:00","dateModified":"2021-11-30T05:21:12+00:00","breadcrumb":{"@id":"https:\/\/www.t2transfer.com\/fr\/taxi-pour-animaux\/#breadcrumb"},"inLanguage":"fr-FR","potentialAction":[{"@type":"ReadAction","target":["https:\/\/www.t2transfer.com\/fr\/taxi-pour-animaux\/"]}]},{"@type":"ImageObject","inLanguage":"fr-FR","@id":"https:\/\/www.t2transfer.com\/fr\/taxi-pour-animaux\/#primaryimage","url":"https:\/\/www.t2transfer.com\/fr\/wp-content\/uploads\/2021\/08\/Taxi-Pour-Animaux-de-Paris-a-Londres.jpg","contentUrl":"https:\/\/www.t2transfer.com\/fr\/wp-content\/uploads\/2021\/08\/Taxi-Pour-Animaux-de-Paris-a-Londres.jpg","width":1259,"height":295,"caption":"Taxi Pour Animaux de Paris \u00e0 Londres"},{"@type":"BreadcrumbList","@id":"https:\/\/www.t2transfer.com\/fr\/taxi-pour-animaux\/#breadcrumb","itemListElement":[{"@type":"ListItem","position":1,"name":"Home","item":"https:\/\/www.t2transfer.com\/fr\/"},{"@type":"ListItem","position":2,"name":"Taxi Pour Animaux"}]},{"@type":"WebSite","@id":"https:\/\/www.t2transfer.com\/fr\/#website","url":"https:\/\/www.t2transfer.com\/fr\/","name":"T2 Transfer","description":"","publisher":{"@id":"https:\/\/www.t2transfer.com\/fr\/#organization"},"potentialAction":[{"@type":"SearchAction","target":{"@type":"EntryPoint","urlTemplate":"https:\/\/www.t2transfer.com\/fr\/?s={search_term_string}"},"query-input":"required name=search_term_string"}],"inLanguage":"fr-FR"},{"@type":"Organization","@id":"https:\/\/www.t2transfer.com\/fr\/#organization","name":"T2 Transfer","url":"https:\/\/www.t2transfer.com\/fr\/","logo":{"@type":"ImageObject","inLanguage":"fr-FR","@id":"https:\/\/www.t2transfer.com\/fr\/#\/schema\/logo\/image\/","url":"https:\/\/www.t2transfer.co.uk\/wp-content\/uploads\/2020\/04\/logo.png","contentUrl":"https:\/\/www.t2transfer.co.uk\/wp-content\/uploads\/2020\/04\/logo.png","width":184,"height":50,"caption":"T2 Transfer"},"image":{"@id":"https:\/\/www.t2transfer.com\/fr\/#\/schema\/logo\/image\/"},"sameAs":["https:\/\/www.facebook.com\/T2Transfer\/","https:\/\/x.com\/t2transfer"]}]}},"_links":{"self":[{"href":"https:\/\/www.t2transfer.com\/fr\/wp-json\/wp\/v2\/pages\/5775"}],"collection":[{"href":"https:\/\/www.t2transfer.com\/fr\/wp-json\/wp\/v2\/pages"}],"about":[{"href":"https:\/\/www.t2transfer.com\/fr\/wp-json\/wp\/v2\/types\/page"}],"author":[{"embeddable":true,"href":"https:\/\/www.t2transfer.com\/fr\/wp-json\/wp\/v2\/users\/9"}],"replies":[{"embeddable":true,"href":"https:\/\/www.t2transfer.com\/fr\/wp-json\/wp\/v2\/comments?post=5775"}],"version-history":[{"count":9,"href":"https:\/\/www.t2transfer.com\/fr\/wp-json\/wp\/v2\/pages\/5775\/revisions"}],"predecessor-version":[{"id":5847,"href":"https:\/\/www.t2transfer.com\/fr\/wp-json\/wp\/v2\/pages\/5775\/revisions\/5847"}],"wp:featuredmedia":[{"embeddable":true,"href":"https:\/\/www.t2transfer.com\/fr\/wp-json\/wp\/v2\/media\/5846"}],"wp:attachment":[{"href":"https:\/\/www.t2transfer.com\/fr\/wp-json\/wp\/v2\/media?parent=5775"}],"curies":[{"name":"wp","href":"https:\/\/api.w.org\/{rel}","templated":true}]}}