{"id":5775,"date":"2021-02-01T05:39:48","date_gmt":"2021-02-01T05:39:48","guid":{"rendered":"https:\/\/www.t2transfer.co.uk\/?page_id=5775"},"modified":"2025-12-05T07:07:43","modified_gmt":"2025-12-05T07:07:43","slug":"taxi-per-animali-domestici","status":"publish","type":"page","link":"https:\/\/www.t2transfer.com\/it\/taxi-per-animali-domestici\/","title":{"rendered":"Taxi Per Animali Domestici"},"content":{"rendered":"<h1>Trasporto di animali da Parigi a Londra\/Londra a Parigi<\/h1>\n<p>Cercate un servizio di taxi per animali domestici da Parigi a Londra o da Londra a Parigi?<\/p>\n<p>Viaggiare con il proprio animale domestico \u00e8 sempre stressante. Non importa quanto sia fantastica la compagnia aerea, ci sono sempre dei rischi nel mettere il tuo animale domestico nella stiva.<\/p>\n<p>Noi, T2 Transfer, forniamo taxi per animali da Parigi, aeroporto Charles de Gaulle, aeroporto Orly a Londra (o qualsiasi altro luogo nel Regno Unito) e da Londra a Parigi (o qualsiasi altro luogo in Francia) attraverso Eurotunnel.<\/p>\n<p>In questo modo potete rimanere con il vostro compagno durante tutto il viaggio o potete viaggiare sapendo che il vostro animale \u00e8 al sicuro.<\/p>\n<p>Allora&#8230; state cercando un trasloco da Parigi a Londra o un trasloco da Londra a Parigi? Se \u00e8 cos\u00ec, continuate a leggere per saperne di pi\u00f9 sul trasporto di animali domestici da Parigi a Londra.<\/p>\n<h2>Il nostro servizio Trasporto Animali Domestici dalla Francia al Regno Unito\/Regno Unito alla Francia<\/h2>\n<p>Non solo trasportiamo il vostro animale domestico dal Regno Unito alla Francia e dalla Francia al Regno Unito, ma lo trasportiamo anche in luoghi all&#8217;interno del Regno Unito o in luoghi all&#8217;interno della Francia.<\/p>\n<p>I nostri principali animali da trasporto sono cani e gatti, ma se avete qualsiasi altro animale vi preghiamo di contattarci e saremo in grado di andare da l\u00ec a seconda del vostro animale. A differenza dei viaggi in cabina, noi ammettiamo animali di qualsiasi taglia.<\/p>\n<p>Questo include le razze di cani e gatti con il naso sottile (razze brachicefale), che purtroppo molte compagnie aeree ora rifiutano a causa della loro difficolt\u00e0 a respirare.<\/p>\n<p>Le compagnie aeree tra cui Air France, Air Italia, Lufthansa e Iberia Airlines non permettono pi\u00f9 il trasporto di queste razze. Possiamo trasportarli con o senza il loro proprietario, dipende tutto da voi. Inoltre, abbiamo un servizio porta a porta!<\/p>\n<h2>Trasporto di Animali Domestici Taxi da Parigi a Londra<\/h2>\n<p>T2 Transfer vi porter\u00e0 direttamente dalla vostra destinazione in Francia alla vostra destinazione nel Regno Unito. Il vostro prezzo dipender\u00e0 dalle vostre localit\u00e0. Pi\u00f9 comunemente, un viaggio da Parigi a Londra richieder\u00e0 circa 6 a 7 ore a seconda dei livelli di traffico.<\/p>\n<p>Questo include la sosta all&#8217;ufficio immigrazione del Regno Unito per voi e il vostro animale domestico e tutte le soste per la toilette necessarie per il vostro animale domestico.<\/p>\n<p><strong>Inoltre, prima di entrare nel Regno Unito, assicuratevi che il vostro animale domestico sia:<\/strong><\/p>\n<ul>\n<li>Microchippato<\/li>\n<li>Vaccinato contro la rabbia &#8211; \u00e8 necessario dimostrare che l&#8217;animale ha almeno 12 settimane prima di vaccinarlo.<\/li>\n<li>Trattato contro la tenia (solo per i cani) e deve essere somministrato non meno di 24 ore e non pi\u00f9 di 120 ore.<\/li>\n<\/ul>\n<p><strong>Oltre a questo, il vostro animale domestico avr\u00e0 bisogno di uno dei seguenti documenti per entrare nel Regno Unito:<\/strong><\/p>\n<ul>\n<li>Un passaporto UE per animali da compagnia rilasciato nell&#8217;UE (o in Gran Bretagna se rilasciato prima del 1 gennaio 2021), o un passaporto per animali da compagnia di un altro paese terzo elencato nella Parte 1.<\/li>\n<li>Il certificato sanitario (AHC) rilasciato in Gran Bretagna usato per viaggiare nell&#8217;UE &#8211; che userai per rientrare in Gran Bretagna fino a 4 mesi dopo il suo rilascio.<\/li>\n<li>Un certificato sanitario per animali domestici in Gran Bretagna (solo per i viaggi in Gran Bretagna).<\/li>\n<\/ul>\n<p>Sopra un must quando si viaggia da Parigi a Londra con il cane<\/p>\n<h2>Trasporto Taxi Animali Domestici da Londra a Parigi<\/h2>\n<p>Come menzionato in precedenza, abbiamo un servizio porta a porta, quindi vi porteremo direttamente dalla vostra destinazione nel Regno Unito alla vostra destinazione in Francia.<\/p>\n<p>I tempi di viaggio possono variare a seconda della destinazione, ma il pi\u00f9 comune \u00e8 quello da Londra a Parigi che \u00e8 di 6-7 ore determinato dai livelli di traffico.<\/p>\n<p>Questo include la sosta al controllo della frontiera francese dove controlleranno i vostri documenti di viaggio e tutte le soste per la toilette necessarie.<\/p>\n<p>Inoltre, tenete presente che il controllo di frontiera francese non controlla i documenti di viaggio del vostro animale domestico per entrare in Francia quando usate l&#8217;Eurotunnel<\/p>\n<p><strong>Inoltre, prima di entrare in Francia, assicuratevi che il vostro animale domestico sia:<\/strong><\/p>\n<ul>\n<li>Microchippato<\/li>\n<li>Vaccinato contro la rabbia &#8211; \u00e8 necessario dimostrare che l&#8217;animale ha almeno 12 settimane prima di vaccinarlo.<br \/>\nTrattato contro la tenia (solo per i cani).<\/li>\n<\/ul>\n<h3>Informazioni sul trasporto di animali domestici<\/h3>\n<p>Si prega di tenere i vostri animali domestici in un trasportino durante tutto il viaggio, a meno che non debbano essere portati fuori per una sosta in bagno. Se il vostro cane\/animale \u00e8 una minaccia per il conducente, una museruola deve essere indossata.<\/p>\n<h2>Prezzi<\/h2>\n<p>Il prezzo del taxi per animali da Parigi (Francia) a Londra (Regno Unito) o da Londra a Parigi \u00e8 di 900 euro (dipende dal codice postale dell&#8217;indirizzo di consegna\/prelievo), senza il biglietto dell&#8217;Eurotunnel e la tassa per gli animali.<\/p>\n<p>Prenoteremo il biglietto dell&#8217;Eurotunnel per conto vostro e vi forniremo i prezzi dei biglietti dell&#8217;Eurotunnel il giorno della prenotazione perch\u00e9 variano di giorno in giorno.<\/p>\n<h3>Richiedete un preventivo<\/h3>\n<p>Per ottenere un preventivo si prega di compilare il modulo sottostante.<\/p>\n","protected":false},"excerpt":{"rendered":"<p>Trasporto di animali da Parigi a Londra\/Londra a Parigi Cercate un servizio di taxi per animali domestici da Parigi a Londra o da Londra a Parigi? Viaggiare con il proprio animale domestico \u00e8 sempre stressante. Non importa quanto sia fantastica la compagnia aerea, ci sono sempre dei rischi nel mettere il tuo animale domestico nella [&hellip;]<\/p>\n","protected":false},"author":9,"featured_media":5841,"parent":0,"menu_order":0,"comment_status":"closed","ping_status":"closed","template":"page-pet.php","meta":{"_eb_attr":"","footnotes":""},"class_list":["post-5775","page","type-page","status-publish","has-post-thumbnail","hentry"],"yoast_head":"<!-- This site is optimized with the Yoast SEO plugin v27.0 - https:\/\/yoast.com\/product\/yoast-seo-wordpress\/ -->\n<title>Animali Domestici Taxi da Parigi a Londra | Animali Domestici Taxi da Londra a Parigi | T2 Transfer<\/title>\n<meta name=\"robots\" content=\"index, follow, max-snippet:-1, max-image-preview:large, max-video-preview:-1\" \/>\n<link rel=\"canonical\" href=\"https:\/\/www.t2transfer.com\/it\/taxi-per-animali-domestici\/\" \/>\n<meta property=\"og:locale\" content=\"it_IT\" \/>\n<meta property=\"og:type\" content=\"article\" \/>\n<meta property=\"og:title\" content=\"Animali Domestici Taxi da Parigi a Londra | Animali Domestici Taxi da Londra a Parigi | T2 Transfer\" \/>\n<meta property=\"og:description\" content=\"Trasporto di animali da Parigi a Londra\/Londra a Parigi Cercate un servizio di taxi per animali domestici da Parigi a Londra o da Londra a Parigi? Viaggiare con il proprio animale domestico \u00e8 sempre stressante. Non importa quanto sia fantastica la compagnia aerea, ci sono sempre dei rischi nel mettere il tuo animale domestico nella [&hellip;]\" \/>\n<meta property=\"og:url\" content=\"https:\/\/www.t2transfer.com\/it\/taxi-per-animali-domestici\/\" \/>\n<meta property=\"og:site_name\" content=\"T2 Transfer\" \/>\n<meta property=\"article:publisher\" content=\"https:\/\/www.facebook.com\/T2Transfer\/\" \/>\n<meta property=\"article:modified_time\" content=\"2025-12-05T07:07:43+00:00\" \/>\n<meta property=\"og:image\" content=\"https:\/\/www.t2transfer.com\/it\/wp-content\/uploads\/2021\/08\/Animali-Domestici-Taxi-da-Parigi-a-Londra.jpg\" \/>\n\t<meta property=\"og:image:width\" content=\"1259\" \/>\n\t<meta property=\"og:image:height\" content=\"295\" \/>\n\t<meta property=\"og:image:type\" content=\"image\/jpeg\" \/>\n<meta name=\"twitter:card\" content=\"summary_large_image\" \/>\n<meta name=\"twitter:site\" content=\"@t2transfer\" \/>\n<meta name=\"twitter:label1\" content=\"Tempo di lettura stimato\" \/>\n\t<meta name=\"twitter:data1\" content=\"5 minuti\" \/>\n<script type=\"application\/ld+json\" class=\"yoast-schema-graph\">{\"@context\":\"https:\/\/schema.org\",\"@graph\":[{\"@type\":\"WebPage\",\"@id\":\"https:\/\/www.t2transfer.com\/it\/taxi-per-animali-domestici\/\",\"url\":\"https:\/\/www.t2transfer.com\/it\/taxi-per-animali-domestici\/\",\"name\":\"Animali Domestici Taxi da Parigi a Londra | Animali Domestici Taxi da Londra a Parigi | T2 Transfer\",\"isPartOf\":{\"@id\":\"https:\/\/www.t2transfer.com\/it\/#website\"},\"primaryImageOfPage\":{\"@id\":\"https:\/\/www.t2transfer.com\/it\/taxi-per-animali-domestici\/#primaryimage\"},\"image\":{\"@id\":\"https:\/\/www.t2transfer.com\/it\/taxi-per-animali-domestici\/#primaryimage\"},\"thumbnailUrl\":\"https:\/\/www.t2transfer.com\/it\/wp-content\/uploads\/2021\/08\/Animali-Domestici-Taxi-da-Parigi-a-Londra.jpg\",\"datePublished\":\"2021-02-01T05:39:48+00:00\",\"dateModified\":\"2025-12-05T07:07:43+00:00\",\"breadcrumb\":{\"@id\":\"https:\/\/www.t2transfer.com\/it\/taxi-per-animali-domestici\/#breadcrumb\"},\"inLanguage\":\"it-IT\",\"potentialAction\":[{\"@type\":\"ReadAction\",\"target\":[\"https:\/\/www.t2transfer.com\/it\/taxi-per-animali-domestici\/\"]}]},{\"@type\":\"ImageObject\",\"inLanguage\":\"it-IT\",\"@id\":\"https:\/\/www.t2transfer.com\/it\/taxi-per-animali-domestici\/#primaryimage\",\"url\":\"https:\/\/www.t2transfer.com\/it\/wp-content\/uploads\/2021\/08\/Animali-Domestici-Taxi-da-Parigi-a-Londra.jpg\",\"contentUrl\":\"https:\/\/www.t2transfer.com\/it\/wp-content\/uploads\/2021\/08\/Animali-Domestici-Taxi-da-Parigi-a-Londra.jpg\",\"width\":1259,\"height\":295,\"caption\":\"Animali Domestici Taxi da Parigi a Londra\"},{\"@type\":\"BreadcrumbList\",\"@id\":\"https:\/\/www.t2transfer.com\/it\/taxi-per-animali-domestici\/#breadcrumb\",\"itemListElement\":[{\"@type\":\"ListItem\",\"position\":1,\"name\":\"Home\",\"item\":\"https:\/\/www.t2transfer.com\/it\/\"},{\"@type\":\"ListItem\",\"position\":2,\"name\":\"Taxi Per Animali Domestici\"}]},{\"@type\":\"WebSite\",\"@id\":\"https:\/\/www.t2transfer.com\/it\/#website\",\"url\":\"https:\/\/www.t2transfer.com\/it\/\",\"name\":\"T2 Transfer\",\"description\":\"\",\"publisher\":{\"@id\":\"https:\/\/www.t2transfer.com\/it\/#organization\"},\"potentialAction\":[{\"@type\":\"SearchAction\",\"target\":{\"@type\":\"EntryPoint\",\"urlTemplate\":\"https:\/\/www.t2transfer.com\/it\/?s={search_term_string}\"},\"query-input\":{\"@type\":\"PropertyValueSpecification\",\"valueRequired\":true,\"valueName\":\"search_term_string\"}}],\"inLanguage\":\"it-IT\"},{\"@type\":\"Organization\",\"@id\":\"https:\/\/www.t2transfer.com\/it\/#organization\",\"name\":\"T2 Transfer\",\"url\":\"https:\/\/www.t2transfer.com\/it\/\",\"logo\":{\"@type\":\"ImageObject\",\"inLanguage\":\"it-IT\",\"@id\":\"https:\/\/www.t2transfer.com\/it\/#\/schema\/logo\/image\/\",\"url\":\"https:\/\/www.t2transfer.co.uk\/wp-content\/uploads\/2020\/04\/logo.png\",\"contentUrl\":\"https:\/\/www.t2transfer.co.uk\/wp-content\/uploads\/2020\/04\/logo.png\",\"width\":184,\"height\":50,\"caption\":\"T2 Transfer\"},\"image\":{\"@id\":\"https:\/\/www.t2transfer.com\/it\/#\/schema\/logo\/image\/\"},\"sameAs\":[\"https:\/\/www.facebook.com\/T2Transfer\/\",\"https:\/\/x.com\/t2transfer\"]}]}<\/script>\n<!-- \/ Yoast SEO plugin. -->","yoast_head_json":{"title":"Animali Domestici Taxi da Parigi a Londra | Animali Domestici Taxi da Londra a Parigi | T2 Transfer","robots":{"index":"index","follow":"follow","max-snippet":"max-snippet:-1","max-image-preview":"max-image-preview:large","max-video-preview":"max-video-preview:-1"},"canonical":"https:\/\/www.t2transfer.com\/it\/taxi-per-animali-domestici\/","og_locale":"it_IT","og_type":"article","og_title":"Animali Domestici Taxi da Parigi a Londra | Animali Domestici Taxi da Londra a Parigi | T2 Transfer","og_description":"Trasporto di animali da Parigi a Londra\/Londra a Parigi Cercate un servizio di taxi per animali domestici da Parigi a Londra o da Londra a Parigi? Viaggiare con il proprio animale domestico \u00e8 sempre stressante. Non importa quanto sia fantastica la compagnia aerea, ci sono sempre dei rischi nel mettere il tuo animale domestico nella [&hellip;]","og_url":"https:\/\/www.t2transfer.com\/it\/taxi-per-animali-domestici\/","og_site_name":"T2 Transfer","article_publisher":"https:\/\/www.facebook.com\/T2Transfer\/","article_modified_time":"2025-12-05T07:07:43+00:00","og_image":[{"width":1259,"height":295,"url":"https:\/\/www.t2transfer.com\/it\/wp-content\/uploads\/2021\/08\/Animali-Domestici-Taxi-da-Parigi-a-Londra.jpg","type":"image\/jpeg"}],"twitter_card":"summary_large_image","twitter_site":"@t2transfer","twitter_misc":{"Tempo di lettura stimato":"5 minuti"},"schema":{"@context":"https:\/\/schema.org","@graph":[{"@type":"WebPage","@id":"https:\/\/www.t2transfer.com\/it\/taxi-per-animali-domestici\/","url":"https:\/\/www.t2transfer.com\/it\/taxi-per-animali-domestici\/","name":"Animali Domestici Taxi da Parigi a Londra | Animali Domestici Taxi da Londra a Parigi | T2 Transfer","isPartOf":{"@id":"https:\/\/www.t2transfer.com\/it\/#website"},"primaryImageOfPage":{"@id":"https:\/\/www.t2transfer.com\/it\/taxi-per-animali-domestici\/#primaryimage"},"image":{"@id":"https:\/\/www.t2transfer.com\/it\/taxi-per-animali-domestici\/#primaryimage"},"thumbnailUrl":"https:\/\/www.t2transfer.com\/it\/wp-content\/uploads\/2021\/08\/Animali-Domestici-Taxi-da-Parigi-a-Londra.jpg","datePublished":"2021-02-01T05:39:48+00:00","dateModified":"2025-12-05T07:07:43+00:00","breadcrumb":{"@id":"https:\/\/www.t2transfer.com\/it\/taxi-per-animali-domestici\/#breadcrumb"},"inLanguage":"it-IT","potentialAction":[{"@type":"ReadAction","target":["https:\/\/www.t2transfer.com\/it\/taxi-per-animali-domestici\/"]}]},{"@type":"ImageObject","inLanguage":"it-IT","@id":"https:\/\/www.t2transfer.com\/it\/taxi-per-animali-domestici\/#primaryimage","url":"https:\/\/www.t2transfer.com\/it\/wp-content\/uploads\/2021\/08\/Animali-Domestici-Taxi-da-Parigi-a-Londra.jpg","contentUrl":"https:\/\/www.t2transfer.com\/it\/wp-content\/uploads\/2021\/08\/Animali-Domestici-Taxi-da-Parigi-a-Londra.jpg","width":1259,"height":295,"caption":"Animali Domestici Taxi da Parigi a Londra"},{"@type":"BreadcrumbList","@id":"https:\/\/www.t2transfer.com\/it\/taxi-per-animali-domestici\/#breadcrumb","itemListElement":[{"@type":"ListItem","position":1,"name":"Home","item":"https:\/\/www.t2transfer.com\/it\/"},{"@type":"ListItem","position":2,"name":"Taxi Per Animali Domestici"}]},{"@type":"WebSite","@id":"https:\/\/www.t2transfer.com\/it\/#website","url":"https:\/\/www.t2transfer.com\/it\/","name":"T2 Transfer","description":"","publisher":{"@id":"https:\/\/www.t2transfer.com\/it\/#organization"},"potentialAction":[{"@type":"SearchAction","target":{"@type":"EntryPoint","urlTemplate":"https:\/\/www.t2transfer.com\/it\/?s={search_term_string}"},"query-input":{"@type":"PropertyValueSpecification","valueRequired":true,"valueName":"search_term_string"}}],"inLanguage":"it-IT"},{"@type":"Organization","@id":"https:\/\/www.t2transfer.com\/it\/#organization","name":"T2 Transfer","url":"https:\/\/www.t2transfer.com\/it\/","logo":{"@type":"ImageObject","inLanguage":"it-IT","@id":"https:\/\/www.t2transfer.com\/it\/#\/schema\/logo\/image\/","url":"https:\/\/www.t2transfer.co.uk\/wp-content\/uploads\/2020\/04\/logo.png","contentUrl":"https:\/\/www.t2transfer.co.uk\/wp-content\/uploads\/2020\/04\/logo.png","width":184,"height":50,"caption":"T2 Transfer"},"image":{"@id":"https:\/\/www.t2transfer.com\/it\/#\/schema\/logo\/image\/"},"sameAs":["https:\/\/www.facebook.com\/T2Transfer\/","https:\/\/x.com\/t2transfer"]}]}},"_links":{"self":[{"href":"https:\/\/www.t2transfer.com\/it\/wp-json\/wp\/v2\/pages\/5775","targetHints":{"allow":["GET"]}}],"collection":[{"href":"https:\/\/www.t2transfer.com\/it\/wp-json\/wp\/v2\/pages"}],"about":[{"href":"https:\/\/www.t2transfer.com\/it\/wp-json\/wp\/v2\/types\/page"}],"author":[{"embeddable":true,"href":"https:\/\/www.t2transfer.com\/it\/wp-json\/wp\/v2\/users\/9"}],"replies":[{"embeddable":true,"href":"https:\/\/www.t2transfer.com\/it\/wp-json\/wp\/v2\/comments?post=5775"}],"version-history":[{"count":9,"href":"https:\/\/www.t2transfer.com\/it\/wp-json\/wp\/v2\/pages\/5775\/revisions"}],"predecessor-version":[{"id":6296,"href":"https:\/\/www.t2transfer.com\/it\/wp-json\/wp\/v2\/pages\/5775\/revisions\/6296"}],"wp:featuredmedia":[{"embeddable":true,"href":"https:\/\/www.t2transfer.com\/it\/wp-json\/wp\/v2\/media\/5841"}],"wp:attachment":[{"href":"https:\/\/www.t2transfer.com\/it\/wp-json\/wp\/v2\/media?parent=5775"}],"curies":[{"name":"wp","href":"https:\/\/api.w.org\/{rel}","templated":true}]}}